{"id":85,"date":"2022-10-25T15:08:02","date_gmt":"2022-10-25T13:08:02","guid":{"rendered":"https:\/\/www-dev.edrewe.de\/?page_id=85"},"modified":"2024-08-29T09:44:43","modified_gmt":"2024-08-29T07:44:43","slug":"dokumentation","status":"publish","type":"page","link":"https:\/\/www.edrewe.de\/home\/wissen\/dokumentation\/","title":{"rendered":"Dokumentation"},"content":{"rendered":"<section class=\"l-section wpb_row height_medium\"><div class=\"l-section-h i-cf\"><div class=\"g-cols vc_row via_flex valign_top type_default stacking_default\"><div class=\"vc_col-sm-3 wpb_column vc_column_container edMenuSidebar\"><div class=\"vc_column-inner\"><div class=\"wpb_wrapper\"><nav class=\"w-menu layout_ver style_links us_menu_1\" style=\"--main-gap:1.5rem;--main-ver-indent:0.8em;--main-hor-indent:0.8em;--main-color:inherit;\"><ul id=\"menu-wissen-navigationsmenue\" class=\"menu\"><li id=\"menu-item-90\" class=\"menu-item menu-item-type-post_type menu-item-object-page menu-item-90\"><a href=\"https:\/\/www.edrewe.de\/home\/wissen\/dokumentation\/\">Dokumentation<\/a><\/li><li id=\"menu-item-217\" class=\"menu-item menu-item-type-post_type menu-item-object-page menu-item-217\"><a href=\"https:\/\/www.edrewe.de\/home\/wissen\/loesungen-in-verbindung-mit-edrewe\/\">L\u00f6sungen in Verbindung mit edrewe<\/a><\/li><\/ul><style>@media ( max-width:600px ){.us_menu_1 .menu{display:block!important}.us_menu_1 .menu>li:not(:last-child){margin:0 0 var(--main-gap,1.5rem)!important}}<\/style><\/nav><\/div><\/div><\/div><div class=\"vc_col-sm-9 wpb_column vc_column_container\"><div class=\"vc_column-inner us_custom_d4a22a24\"><div class=\"wpb_wrapper\"><div class=\"wpb_text_column\"><div class=\"wpb_wrapper\"><h2>Dokumentation<\/h2>\n<\/div><\/div><div class=\"wpb_text_column\"><div class=\"wpb_wrapper\"><p>Die edrewe Online-Hilfe l\u00f6st die bisherige Dokumentation ab. Hier finden Sie in mehreren Themenbl\u00f6cken die passenden Dokumente, unter anderem alle wichtigen Beschreibungen zu einzelnen Funktionseinheiten sowie die Update-Informationen.<\/p>\n<\/div><\/div><div class=\"w-btn-wrapper align_none\"><a class=\"w-btn us-btn-style_1\" target=\"_blank\" rel=\"nofollow noopener\" href=\"https:\/\/edrewehilfe.zendesk.com\/hc\/de\"><span class=\"w-btn-label\">Zur Online-Hilfe<\/span><\/a><\/div><\/div><\/div><\/div><\/div><\/div><\/section>\n","protected":false},"excerpt":{"rendered":"DokumentationL\u00f6sungen in Verbindung mit edreweDokumentation Die edrewe Online-Hilfe l\u00f6st die bisherige Dokumentation ab. Hier finden Sie in mehreren Themenbl\u00f6cken die passenden Dokumente, unter anderem alle wichtigen Beschreibungen zu einzelnen Funktionseinheiten sowie die Update-Informationen. Zur Online-Hilfe","protected":false},"author":4,"featured_media":0,"parent":137,"menu_order":0,"comment_status":"closed","ping_status":"closed","template":"","meta":{"footnotes":""},"class_list":["post-85","page","type-page","status-publish","hentry"],"_links":{"self":[{"href":"https:\/\/www.edrewe.de\/home\/wp-json\/wp\/v2\/pages\/85","targetHints":{"allow":["GET"]}}],"collection":[{"href":"https:\/\/www.edrewe.de\/home\/wp-json\/wp\/v2\/pages"}],"about":[{"href":"https:\/\/www.edrewe.de\/home\/wp-json\/wp\/v2\/types\/page"}],"author":[{"embeddable":true,"href":"https:\/\/www.edrewe.de\/home\/wp-json\/wp\/v2\/users\/4"}],"replies":[{"embeddable":true,"href":"https:\/\/www.edrewe.de\/home\/wp-json\/wp\/v2\/comments?post=85"}],"version-history":[{"count":1,"href":"https:\/\/www.edrewe.de\/home\/wp-json\/wp\/v2\/pages\/85\/revisions"}],"predecessor-version":[{"id":1320,"href":"https:\/\/www.edrewe.de\/home\/wp-json\/wp\/v2\/pages\/85\/revisions\/1320"}],"up":[{"embeddable":true,"href":"https:\/\/www.edrewe.de\/home\/wp-json\/wp\/v2\/pages\/137"}],"wp:attachment":[{"href":"https:\/\/www.edrewe.de\/home\/wp-json\/wp\/v2\/media?parent=85"}],"curies":[{"name":"wp","href":"https:\/\/api.w.org\/{rel}","templated":true}]}}