{"id":8,"date":"2022-10-24T15:34:28","date_gmt":"2022-10-24T13:34:28","guid":{"rendered":"https:\/\/www-dev.edrewe.de\/?page_id=8"},"modified":"2023-03-17T12:59:48","modified_gmt":"2023-03-17T11:59:48","slug":"funktionen","status":"publish","type":"page","link":"https:\/\/www.edrewe.de\/home\/funktionen\/","title":{"rendered":"\u00dcber"},"content":{"rendered":"<section class=\"l-section wpb_row us_custom_7e11eb06 height_medium\"><div class=\"l-section-h i-cf\"><div class=\"g-cols vc_row via_flex valign_top type_default stacking_default\"><div class=\"vc_col-sm-12 wpb_column vc_column_container mujcont\"><div class=\"vc_column-inner\"><div class=\"wpb_wrapper\"><div class=\"wpb_text_column us_custom_6df4bc3a has_text_color\"><div class=\"wpb_wrapper\"><h1>Das bietet <strong>edrewe <\/strong>\u2013 und noch viel mehr<\/h1>\n<\/div><\/div><\/div><\/div><\/div><\/div><\/div><\/section><section class=\"l-section wpb_row us_custom_1bb3165f edList height_medium\"><div class=\"l-section-h i-cf\"><div class=\"g-cols vc_row via_flex valign_middle type_default stacking_default\"><div class=\"vc_col-sm-12 wpb_column vc_column_container\"><div class=\"vc_column-inner\"><div class=\"wpb_wrapper\"><div class=\"wpb_text_column\"><div class=\"wpb_wrapper\"><h2>Funktionen<\/h2>\n<\/div><\/div><div class=\"g-cols wpb_row us_custom_d8a550ad via_flex valign_top type_default stacking_default\"><div class=\"vc_col-sm-12 wpb_column vc_column_container\"><div class=\"vc_column-inner\"><div class=\"wpb_wrapper\"><div class=\"w-hwrapper valign_top align_none\"><div class=\"w-iconbox iconpos_top style_default color_primary align_center no_text no_title\"><div class=\"w-iconbox-icon\" style=\"font-size:2rem;\"><i class=\"fad fa-chart-network\"><\/i><\/div><div class=\"w-iconbox-meta\"><\/div><\/div><h4 class=\"w-text\"><span class=\"w-text-h\"><span class=\"w-text-value\">Tagesgesch\u00e4ft von Finanzbuchhaltung, Jahresabschluss und Steuern<\/span><\/span><\/h4><\/div><div class=\"wpb_text_column us_custom_d9ccc4e6 edFunktionenList\"><div class=\"wpb_wrapper\"><ul>\n<li>Standardkontenrahmen SKR03 und SKR04<\/li>\n<li>Diverse Sonderkontenrahmen, teilweise nur als ETL-Steuerberater verf\u00fcgbar<\/li>\n<li>Digitales Belegbuchen: Vorschau auf Belege und die vorgeschlagene Kontierung \u2013 lernend, bis zum Autobuchen m\u00f6glich<\/li>\n<li>Sicheres Management von Offenen Posten<\/li>\n<li>Kostenstellenrechnung, Betriebs- und Gesamtabrechnungsbogen, Kostenartenaufstellung, komprimierte Darstellung als Chef-Info<\/li>\n<li>Betriebswirtschaftliche Auswertungen; Benchmark Branchenauswertungen (teils nur f\u00fcr ETL-Kanzleien verf\u00fcgbar)<\/li>\n<li>Erstellung individueller Auswertungen und Reports; Berichtsassistent zur Erstellung individueller Berichte und Reports<\/li>\n<li>Integration von betrieblichen Steuern (Umsatzsteuer, Gewerbesteuer, K\u00f6rperschaftssteuer, Feststellungserkl\u00e4rung, Kapitalertragssteuer-Anmeldung, Steuererkl\u00e4rungen ohne Buchf\u00fchrungspflicht, Dauerfristverl\u00e4ngerung und Sondervorauszahlung)<\/li>\n<li>Authentifizierte \u00dcbertragung der Steuern \u00fcber das Kommunikations- &amp; Melde-Center (KMC) im eurodata-Rechenzentrum<\/li>\n<li>Unterst\u00fctzung von mobilem Arbeiten durch Cloudl\u00f6sung<\/li>\n<li>Im- und Exportfunktionen in CSV, Excel und weiteren standardisierten Formaten<\/li>\n<li>Festschreibung der Buchhaltung nach GoBD<\/li>\n<\/ul>\n<\/div><\/div><\/div><\/div><\/div><\/div><div class=\"g-cols wpb_row us_custom_d8a550ad via_flex valign_top type_default stacking_default\"><div class=\"vc_col-sm-12 wpb_column vc_column_container\"><div class=\"vc_column-inner\"><div class=\"wpb_wrapper\"><div class=\"w-hwrapper valign_top align_none\"><div class=\"w-iconbox iconpos_top style_default color_primary align_center no_text no_title\"><div class=\"w-iconbox-icon\" style=\"font-size:2rem;\"><i class=\"fad fa-file-signature\"><\/i><\/div><div class=\"w-iconbox-meta\"><\/div><\/div><h4 class=\"w-text\"><span class=\"w-text-h\"><span class=\"w-text-value\">Sichere Einbeziehung von Mandanten<\/span><\/span><\/h4><\/div><div class=\"wpb_text_column us_custom_d9ccc4e6 edFunktionenList\"><div class=\"wpb_wrapper\"><ul>\n<li>Mehrere Varianten der Beleganlieferung, der digitalen Belegverarbeitung und Generierung von automatischen Buchungsvorschl\u00e4gen<\/li>\n<li>eFinanzakte f\u00fcr den digitalen Austausch zwischen Steuerberater (Dienstleister) und Mandant<\/li>\n<li>BelegApp f\u00fcr Mandanten verf\u00fcgbar<\/li>\n<\/ul>\n<\/div><\/div><\/div><\/div><\/div><\/div><div class=\"g-cols wpb_row us_custom_d8a550ad via_flex valign_top type_default stacking_default\"><div class=\"vc_col-sm-12 wpb_column vc_column_container\"><div class=\"vc_column-inner\"><div class=\"wpb_wrapper\"><div class=\"w-hwrapper valign_top align_none\"><div class=\"w-iconbox iconpos_top style_default color_primary align_center no_text no_title\"><div class=\"w-iconbox-icon\" style=\"font-size:2rem;\"><i class=\"fad fa-file-invoice\"><\/i><\/div><div class=\"w-iconbox-meta\"><\/div><\/div><h4 class=\"w-text\"><span class=\"w-text-h\"><span class=\"w-text-value\">Digitaler Austausch mit Institutionen<\/span><\/span><\/h4><\/div><div class=\"wpb_text_column us_custom_d9ccc4e6 edFunktionenList\"><div class=\"wpb_wrapper\"><ul>\n<li>ELSTER-Integration zur online \u00dcbermittlung von Steuererkl\u00e4rungen und Meldesteuern \u2013 zentral authentifiziert \u00fcber das KMC<\/li>\n<li>E-Bilanz \u00dcbermittlung im XBRL-Format einschlie\u00dflich Protokollierung<\/li>\n<li>Digitale Offenlegung an Bundesanzeiger bzw. Unternehmensregister<\/li>\n<li>Automatisierte Verarbeitung elektronischer Bankums\u00e4tze mit direktem Abruf bei den Rechenzentren aller g\u00e4ngigen Banken<\/li>\n<li>OSS-Verfahren (One-Stop-Shop Verfahren) inkl. Exportdatei f\u00fcr das Bundeszentralamt f\u00fcr Steuern<\/li>\n<\/ul>\n<\/div><\/div><\/div><\/div><\/div><\/div><div class=\"g-cols wpb_row us_custom_d8a550ad via_flex valign_top type_default stacking_default\"><div class=\"vc_col-sm-12 wpb_column vc_column_container\"><div class=\"vc_column-inner\"><div class=\"wpb_wrapper\"><div class=\"w-hwrapper valign_top align_none\"><div class=\"w-iconbox iconpos_top style_default color_primary align_center no_text no_title\"><div class=\"w-iconbox-icon\" style=\"font-size:2rem;\"><i class=\"fad fa-comments\"><\/i><\/div><div class=\"w-iconbox-meta\"><\/div><\/div><h4 class=\"w-text\"><span class=\"w-text-h\"><span class=\"w-text-value\">Gezielte Anwenderunterst\u00fctzung<\/span><\/span><\/h4><\/div><div class=\"wpb_text_column us_custom_d9ccc4e6 edFunktionenList\"><div class=\"wpb_wrapper\"><ul>\n<li>Einstellung der individuellen Arbeitsweise nach Soll-an-Haben, T-Konto oder Gegenkonten<\/li>\n<li>Eingabehilfen und Kontierungsvorlagen<\/li>\n<li>Ausgefeilte Such- und Filteroptionen; schnellere Bewertung der Ergebnisse durch Highlighting<\/li>\n<li>Erstellung individueller Bearbeitungsansichten zur optimalen Unterst\u00fctzung eigener Prozesse<\/li>\n<li>Intuitives Arbeiten durch klare Benutzerf\u00fchrung<\/li>\n<li>Rollen- und Rechtekonzept unter Einbeziehung der Mandanten, wenn gew\u00fcnscht<\/li>\n<li>Schnelle und sichere Erfassung durch individuelle Voreinstellung der Erfassungsmasken; Plausibilit\u00e4tspr\u00fcfungen mit Hinweis auf fehlerhafte Angaben<\/li>\n<li>Dokumentation und Hilfen in die Anwendung integriert<\/li>\n<li>Qualifizierter Fach-Support &#8211; kostenlos<\/li>\n<\/ul>\n<\/div><\/div><\/div><\/div><\/div><\/div><div class=\"g-cols wpb_row us_custom_d8a550ad via_flex valign_top type_default stacking_default\"><div class=\"vc_col-sm-12 wpb_column vc_column_container\"><div class=\"vc_column-inner\"><div class=\"wpb_wrapper\"><div class=\"w-hwrapper valign_top align_none\"><div class=\"w-iconbox iconpos_top style_default color_primary align_center no_text no_title\"><div class=\"w-iconbox-icon\" style=\"font-size:2rem;\"><i class=\"fad fa-toolbox\"><\/i><\/div><div class=\"w-iconbox-meta\"><\/div><\/div><h4 class=\"w-text\"><span class=\"w-text-h\"><span class=\"w-text-value\">Schnittstellen und Vorsysteme<\/span><\/span><\/h4><\/div><div class=\"wpb_text_column us_custom_d9ccc4e6 edFunktionenList\"><div class=\"wpb_wrapper\"><ul>\n<li>Integrierter Direktimport mit Capitain.io oder edcloud Finanzen als Mandantensysteme<\/li>\n<li>Direktimport samt Belegen \u00fcber ed-Connect-Schnittstelle f\u00fcr:\n<ul>\n<li>lexoffice<\/li>\n<li>sevDesk<\/li>\n<li>easybill<\/li>\n<li>SoftTec<\/li>\n<li>Raumlevel<\/li>\n<li>Bau4all<\/li>\n<li>FibuScan<\/li>\n<li>Lavid<\/li>\n<li>Xentral<\/li>\n<li>Taifun<\/li>\n<li>\u2026<\/li>\n<\/ul>\n<\/li>\n<li>Standardimport-Schnittstellen f\u00fcr DATEV, Addison oder SIMBA<\/li>\n<li>Individuelle Importvorlagen m\u00f6glich<\/li>\n<\/ul>\n<\/div><\/div><\/div><\/div><\/div><\/div><div class=\"g-cols wpb_row us_custom_d8a550ad via_flex valign_top type_default stacking_default\"><div class=\"vc_col-sm-12 wpb_column vc_column_container\"><div class=\"vc_column-inner\"><div class=\"wpb_wrapper\"><div class=\"w-hwrapper valign_top align_none\"><div class=\"w-iconbox iconpos_top style_default color_primary align_center no_text no_title\"><div class=\"w-iconbox-icon\" style=\"font-size:2rem;\"><i class=\"fad fa-toolbox\"><\/i><\/div><div class=\"w-iconbox-meta\"><\/div><\/div><h4 class=\"w-text\"><span class=\"w-text-h\"><span class=\"w-text-value\">Archivierung und Sicherheit<\/span><\/span><\/h4><\/div><div class=\"wpb_text_column us_custom_d9ccc4e6 edFunktionenList\"><div class=\"wpb_wrapper\"><ul>\n<li>Archivierung im eurodata eigenen Hochleistungsrechenzentrum nach den gesetzlichen Vorgaben und Fristen<\/li>\n<\/ul>\n<\/div><\/div><\/div><\/div><\/div><\/div><\/div><\/div><\/div><\/div><\/div><\/section>\n","protected":false},"excerpt":{"rendered":"Das bietet edrewe \u2013 und noch viel mehr Funktionen Tagesgesch\u00e4ft von Finanzbuchhaltung, Jahresabschluss und Steuern Standardkontenrahmen SKR03 und SKR04 Diverse Sonderkontenrahmen, teilweise nur als ETL-Steuerberater verf\u00fcgbar Digitales Belegbuchen: Vorschau auf Belege und die vorgeschlagene Kontierung \u2013 lernend, bis zum Autobuchen m\u00f6glich Sicheres Management von Offenen Posten Kostenstellenrechnung, Betriebs- und Gesamtabrechnungsbogen, Kostenartenaufstellung, komprimierte Darstellung als Chef-Info...","protected":false},"author":4,"featured_media":0,"parent":0,"menu_order":0,"comment_status":"closed","ping_status":"closed","template":"","meta":{"footnotes":""},"class_list":["post-8","page","type-page","status-publish","hentry"],"_links":{"self":[{"href":"https:\/\/www.edrewe.de\/home\/wp-json\/wp\/v2\/pages\/8","targetHints":{"allow":["GET"]}}],"collection":[{"href":"https:\/\/www.edrewe.de\/home\/wp-json\/wp\/v2\/pages"}],"about":[{"href":"https:\/\/www.edrewe.de\/home\/wp-json\/wp\/v2\/types\/page"}],"author":[{"embeddable":true,"href":"https:\/\/www.edrewe.de\/home\/wp-json\/wp\/v2\/users\/4"}],"replies":[{"embeddable":true,"href":"https:\/\/www.edrewe.de\/home\/wp-json\/wp\/v2\/comments?post=8"}],"version-history":[{"count":0,"href":"https:\/\/www.edrewe.de\/home\/wp-json\/wp\/v2\/pages\/8\/revisions"}],"wp:attachment":[{"href":"https:\/\/www.edrewe.de\/home\/wp-json\/wp\/v2\/media?parent=8"}],"curies":[{"name":"wp","href":"https:\/\/api.w.org\/{rel}","templated":true}]}}