{"id":197,"date":"2022-11-02T08:31:11","date_gmt":"2022-11-02T07:31:11","guid":{"rendered":"https:\/\/www-dev.edrewe.de\/?page_id=197"},"modified":"2025-11-20T10:31:03","modified_gmt":"2025-11-20T09:31:03","slug":"zertifikate-und-testate","status":"publish","type":"page","link":"https:\/\/www.edrewe.de\/home\/zertifikate-und-testate\/","title":{"rendered":"Zertifikate und Testate"},"content":{"rendered":"<section class=\"l-section wpb_row height_medium\"><div class=\"l-section-h i-cf\"><div class=\"g-cols vc_row via_flex valign_top type_default stacking_default\"><div class=\"vc_col-sm-3 wpb_column vc_column_container edMenuSidebar\"><div class=\"vc_column-inner\"><div class=\"wpb_wrapper\"><nav class=\"w-menu layout_ver style_links us_menu_1\" style=\"--main-gap:1.5rem;--main-ver-indent:0.8em;--main-hor-indent:0.8em;--main-color:inherit;\"><ul id=\"menu-anwendugen-navigationsmenue\" class=\"menu\"><li id=\"menu-item-2019\" class=\"menu-item menu-item-type-post_type menu-item-object-page menu-item-2019\"><a href=\"https:\/\/www.edrewe.de\/home\/anwendungen\/\">Anwendungen<\/a><\/li><li id=\"menu-item-202\" class=\"menu-item menu-item-type-post_type menu-item-object-page menu-item-202\"><a href=\"https:\/\/www.edrewe.de\/home\/organisatorisches\/\">Organisatorisches<\/a><\/li><li id=\"menu-item-201\" class=\"menu-item menu-item-type-post_type menu-item-object-page menu-item-201\"><a href=\"https:\/\/www.edrewe.de\/home\/zertifikate-und-testate\/\">Zertifikate und Testate<\/a><\/li><\/ul><style>@media ( max-width:600px ){.us_menu_1 .menu{display:block!important}.us_menu_1 .menu>li:not(:last-child){margin:0 0 var(--main-gap,1.5rem)!important}}<\/style><\/nav><\/div><\/div><\/div><div class=\"vc_col-sm-9 wpb_column vc_column_container\"><div class=\"vc_column-inner us_custom_894c7482\"><div class=\"wpb_wrapper\"><div class=\"wpb_text_column\"><div class=\"wpb_wrapper\"><h1>Zertifikate und Testate<\/h1>\n<\/div><\/div><div class=\"wpb_text_column\"><div class=\"wpb_wrapper\"><p>edrewe unterliegt hohen Pr\u00fcfungsstandards und entsprechenden Grunds\u00e4tzen. Die Untersuchungsergebnisse und Qualit\u00e4tsbest\u00e4tigungen wurden in den nachstehenden Zertifakten und Testaten dokumentiert:<\/p>\n<\/div><\/div><div class=\"g-cols wpb_row via_flex valign_top type_default stacking_default\"><div class=\"vc_col-sm-12 wpb_column vc_column_container\"><div class=\"vc_column-inner\"><div class=\"wpb_wrapper\"><div class=\"w-text us_custom_9de87d4e icon_atleft\"><a target=\"_blank\" rel=\"nofollow noopener\" href=\"https:\/\/media.eurodata.de\/edrewe\/dokumentationen\/2021_pruefbericht_edrewe_zusammenfassung.pdf\" class=\"w-text-h\"><i class=\"fas fa-file-pdf\"><\/i><span class=\"w-text-value\">Softwarebescheinigung IDW PS 880 \/ edrewe<\/span><\/a><\/div><div class=\"wpb_text_column\"><div class=\"wpb_wrapper\"><p><span class=\"description\">edrewe-Pr\u00fcfung nach IDW Pr\u00fcfungsstandards<br \/>\n<\/span><\/p>\n<\/div><\/div><div class=\"w-separator us_custom_f4d5f1a8 size_small\"><\/div><div class=\"w-text us_custom_9de87d4e icon_atleft\"><a target=\"_blank\" rel=\"nofollow noopener\" href=\"https:\/\/media.eurodata.de\/edrewe\/dokumentationen\/wp_testat_idw_ps_880_pisa.pdf\" class=\"w-text-h\"><i class=\"fas fa-file-pdf\"><\/i><span class=\"w-text-value\">Softwarebescheinigung IDW PS 880 \/ Belegarchiv<\/span><\/a><\/div><div class=\"wpb_text_column\"><div class=\"wpb_wrapper\"><p><span class=\"description\">ETL PISA Bereich Belegarchiv &#8211; Pr\u00fcfung unter Beachtung des IDW Pr\u00fcfungsstandards (IDW PS 880)<\/span><\/p>\n<\/div><\/div><div class=\"w-separator us_custom_f4d5f1a8 size_small\"><\/div><div class=\"w-text us_custom_9de87d4e icon_atleft\"><a target=\"_blank\" rel=\"nofollow noopener\" href=\"https:\/\/media.eurodata.de\/edrewe\/dokumentationen\/edarchiv_testat_idw_ps_880_zusammenfassung.pdf\" class=\"w-text-h\"><i class=\"fas fa-file-pdf\"><\/i><span class=\"w-text-value\">Softwarebescheinigung IDW PS 880 \/ edarchiv-online<\/span><\/a><\/div><div class=\"wpb_text_column\"><div class=\"wpb_wrapper\"><p><span class=\"description\">edarchiv-online &#8211; Pr\u00fcfung nach den IDW Pr\u00fcfungsstandards (IDW PS 880)<\/span><\/p>\n<\/div><\/div><div class=\"w-separator us_custom_f4d5f1a8 size_small\"><\/div><div class=\"w-text us_custom_9de87d4e icon_atleft\"><a target=\"_blank\" rel=\"nofollow noopener\" href=\"https:\/\/media.eurodata.de\/allgemein\/dokumente\/eurodata_20231011_22301-dt.pdf\" class=\"w-text-h\"><i class=\"fas fa-file-pdf\"><\/i><span class=\"w-text-value\">Zertifikat DIN EN ISO 22301:2020<\/span><\/a><\/div><div class=\"wpb_text_column\"><div class=\"wpb_wrapper\"><p><span class=\"description\">Cloudbasierte Software- und Serviceleistungen <\/span><\/p>\n<\/div><\/div><div class=\"w-separator us_custom_f4d5f1a8 size_small\"><\/div><div class=\"w-text us_custom_9de87d4e icon_atleft\"><a target=\"_blank\" rel=\"nofollow noopener\" href=\"https:\/\/media.eurodata.de\/allgemein\/dokumente\/Z250226_DE.pdf\" class=\"w-text-h\"><i class=\"fas fa-file-pdf\"><\/i><span class=\"w-text-value\">ISO 9001:2015<\/span><\/a><\/div><div class=\"wpb_text_column\"><div class=\"wpb_wrapper\"><p><span class=\"description\">Betriebswirtschaftliche und branchenspezifische IT-L\u00f6sungen, Archivierungssysteme und Netzwerkl\u00f6sungen, Datendienstleistungen, insbesondere Cloud Services sowie RZ-Betrieb <\/span><\/p>\n<\/div><\/div><div class=\"w-separator us_custom_f4d5f1a8 size_small\"><\/div><div class=\"w-text us_custom_9de87d4e icon_atleft\"><a target=\"_blank\" rel=\"nofollow noopener\" href=\"https:\/\/media.eurodata.de\/allgemein\/dokumente\/eurodata_Z240910_27001_de.pdf\" class=\"w-text-h\"><i class=\"fas fa-file-pdf\"><\/i><span class=\"w-text-value\">ISO\/IEC 27001:2017<\/span><\/a><\/div><div class=\"wpb_text_column\"><div class=\"wpb_wrapper\"><p><span class=\"description\">Bereitstellung hochverf\u00fcgbarer Rechenzentrumskapazit\u00e4ten inklusive der Netzwerkanbindung und deren Betrieb am Standort Saarbr\u00fccken<\/span><\/p>\n<\/div><\/div><\/div><\/div><\/div><\/div><\/div><\/div><\/div><\/div><\/div><\/section>\n","protected":false},"excerpt":{"rendered":"AnwendungenOrganisatorischesZertifikate und TestateZertifikate und Testate edrewe unterliegt hohen Pr\u00fcfungsstandards und entsprechenden Grunds\u00e4tzen. Die Untersuchungsergebnisse und Qualit\u00e4tsbest\u00e4tigungen wurden in den nachstehenden Zertifakten und Testaten dokumentiert: Softwarebescheinigung IDW PS 880 \/ edreweedrewe-Pr\u00fcfung nach IDW Pr\u00fcfungsstandards Softwarebescheinigung IDW PS 880 \/ BelegarchivETL PISA Bereich Belegarchiv &#8211; Pr\u00fcfung unter Beachtung des IDW Pr\u00fcfungsstandards (IDW PS 880) Softwarebescheinigung IDW PS...","protected":false},"author":4,"featured_media":0,"parent":0,"menu_order":0,"comment_status":"closed","ping_status":"closed","template":"","meta":{"footnotes":""},"class_list":["post-197","page","type-page","status-publish","hentry"],"_links":{"self":[{"href":"https:\/\/www.edrewe.de\/home\/wp-json\/wp\/v2\/pages\/197","targetHints":{"allow":["GET"]}}],"collection":[{"href":"https:\/\/www.edrewe.de\/home\/wp-json\/wp\/v2\/pages"}],"about":[{"href":"https:\/\/www.edrewe.de\/home\/wp-json\/wp\/v2\/types\/page"}],"author":[{"embeddable":true,"href":"https:\/\/www.edrewe.de\/home\/wp-json\/wp\/v2\/users\/4"}],"replies":[{"embeddable":true,"href":"https:\/\/www.edrewe.de\/home\/wp-json\/wp\/v2\/comments?post=197"}],"version-history":[{"count":7,"href":"https:\/\/www.edrewe.de\/home\/wp-json\/wp\/v2\/pages\/197\/revisions"}],"predecessor-version":[{"id":1898,"href":"https:\/\/www.edrewe.de\/home\/wp-json\/wp\/v2\/pages\/197\/revisions\/1898"}],"wp:attachment":[{"href":"https:\/\/www.edrewe.de\/home\/wp-json\/wp\/v2\/media?parent=197"}],"curies":[{"name":"wp","href":"https:\/\/api.w.org\/{rel}","templated":true}]}}