{"id":10,"date":"2022-10-24T15:52:08","date_gmt":"2022-10-24T13:52:08","guid":{"rendered":"https:\/\/www-dev.edrewe.de\/?page_id=10"},"modified":"2023-01-30T13:12:45","modified_gmt":"2023-01-30T12:12:45","slug":"news","status":"publish","type":"page","link":"https:\/\/www.edrewe.de\/home\/news\/","title":{"rendered":"Aktuelles"},"content":{"rendered":"<section class=\"l-section wpb_row height_medium\"><div class=\"l-section-h i-cf\"><div class=\"g-cols vc_row via_flex valign_top type_default stacking_default\"><div class=\"vc_col-sm-3 wpb_column vc_column_container edMenuSidebar\"><div class=\"vc_column-inner\"><div class=\"wpb_wrapper\"><div class=\"wpb_text_column\"><div class=\"wpb_wrapper\"><h3>Newsletter &amp; Feeds<\/h3>\n<\/div><\/div><div class=\"w-text\"><a target=\"_blank\" rel=\"nofollow\" href=\"\/portal\/feed\/rss\/\" class=\"w-text-h\"><span class=\"w-text-value\">RSS-Feed<\/span><\/a><\/div><\/div><\/div><\/div><div class=\"vc_col-sm-9 wpb_column vc_column_container\"><div class=\"vc_column-inner us_custom_894c7482\"><div class=\"wpb_wrapper\"><div class=\"w-grid us_grid us_custom_08f6c7f7 type_grid layout_288 cols_1 overflow_hidden preload_style_spinner with_css_animation\" id=\"us_grid_1\" style=\"--columns:1;--gap:1.5rem;\" data-filterable=\"true\"><style>.layout_288 .w-grid-item-h{border-radius:0rem;box-shadow:0 0.03rem 0.06rem rgba(0,0,0,0.1),0 0.1rem 0.3rem rgba(0,0,0,0.1);transition-duration:0.3s}.no-touch .layout_288 .w-grid-item-h:hover{box-shadow:0 0.12rem 0.24rem rgba(0,0,0,0.1),0 0.4rem 1.2rem rgba(0,0,0,0.15);z-index:4}.layout_288 .usg_vwrapper_1{height:23rem!important;background:url(2511)!important}.layout_288 .usg_vwrapper_3{width:70%!important;position:relative!important;bottom:-7rem!important;padding:1rem!important;background:var(--color-header-middle-bg)!important}.layout_288 .usg_post_date_2{color:#8ba8b2!important;font-size:.875rem!important}.layout_288 .usg_post_title_2{color:#177f9c!important;font-weight:700!important;font-size:1.5rem!important}@media (min-width:1049px) and (max-width:1280px){.layout_288 .usg_vwrapper_3{width:70%!important}}@media (min-width:813px) and (max-width:1048px){.layout_288 .usg_vwrapper_3{width:70%!important}}@media (max-width:812px){.layout_288 .usg_vwrapper_3{width:100%!important}.layout_288 .usg_post_title_2{font-size:1.2rem!important}}<\/style><div class=\"w-grid-list\">\t<article class=\"w-grid-item us_animate_fade size_1x1 post-2125 post type-post status-publish format-standard hentry category-allgemein category-nachrichten category-updates\" data-id=\"2125\">\r\n\t\t<div class=\"w-grid-item-h\">\r\n\t\t\t\t\t\t<div class=\"w-vwrapper usg_vwrapper_1 align_left valign_top\" style=\"--vwrapper-gap:0rem\"><div class=\"w-vwrapper usg_vwrapper_3 align_none valign_top\" style=\"--vwrapper-gap:1rem\"><time class=\"w-post-elm post_date usg_post_date_2 has_text_color entry-date published\" datetime=\"2026-04-15T15:31:16+02:00\">15. April 2026<\/time><h2 class=\"w-post-elm post_title usg_post_title_2 has_text_color entry-title color_link_inherit\"><a href=\"https:\/\/www.edrewe.de\/home\/news\/systemerweiterungen-mit-dem-update-am-15-04-2026-version-2-56\/\">Systemerweiterungen mit dem Update am 15.04.2026 \u2013 Version 2.57<\/a><\/h2><\/div><\/div>\t\t<\/div>\r\n\t\t\t<\/article>\r\n<\/div>\t<div class=\"w-grid-preloader\">\r\n\t\t<div class=\"g-preloader type_1\">\r\n\t\t\t<div><\/div>\r\n\t\t<\/div>\r\n\t<\/div>\r\n\t\t<div class=\"w-grid-json hidden\" onclick='return {&quot;action&quot;:&quot;us_ajax_grid&quot;,&quot;infinite_scroll&quot;:0,&quot;max_num_pages&quot;:70,&quot;pagination&quot;:&quot;none&quot;,&quot;template_vars&quot;:{&quot;columns&quot;:&quot;1&quot;,&quot;exclude_items&quot;:&quot;none&quot;,&quot;img_size&quot;:&quot;default&quot;,&quot;ignore_items_size&quot;:0,&quot;items_layout&quot;:&quot;288&quot;,&quot;items_offset&quot;:&quot;1&quot;,&quot;load_animation&quot;:&quot;fade&quot;,&quot;overriding_link&quot;:&quot;{\\&quot;url\\&quot;:\\&quot;\\&quot;}&quot;,&quot;post_id&quot;:0,&quot;query_args&quot;:{&quot;post_type&quot;:[&quot;post&quot;],&quot;tax_query&quot;:[{&quot;taxonomy&quot;:&quot;category&quot;,&quot;field&quot;:&quot;slug&quot;,&quot;terms&quot;:[&quot;updates&quot;]}],&quot;post_status&quot;:[&quot;publish&quot;],&quot;posts_per_page&quot;:&quot;1&quot;},&quot;orderby_query_args&quot;:{&quot;orderby&quot;:{&quot;date&quot;:&quot;DESC&quot;}},&quot;type&quot;:&quot;grid&quot;,&quot;us_grid_post_type&quot;:&quot;post&quot;,&quot;us_grid_ajax_index&quot;:1,&quot;us_grid_filter_query_string&quot;:null,&quot;us_grid_index&quot;:1,&quot;page_args&quot;:[]}}'><\/div>\r\n\t<\/div><div class=\"w-grid us_grid type_grid layout_68 cols_1 pagination_regular overflow_hidden preload_style_spinner with_css_animation\" id=\"us_grid_2\" style=\"--columns:1;--gap:0rem;\" data-filterable=\"true\"><style>.layout_68 .w-grid-item-h{background:var(--color-content-bg);color:var(--color-content-text);border-radius:0rem}.layout_68 .usg_vwrapper_1{transition-duration:0.3s;transform-origin:50% 50%;transform:scale(1) translate(0%,0%)}.layout_68 .w-grid-item-h:focus-within .usg_vwrapper_1,.layout_68 .w-grid-item-h:hover .usg_vwrapper_1{transform:scale(1) translate(0%,0%);opacity:1;background:rgba(208,217,222,0.35)!important}.layout_68 .usg_vwrapper_1{padding-top:1rem!important;padding-bottom:1rem!important;border-color:var(--color-content-border)!important;border-style:solid!important;border-width:0 0 1px 0!important}.layout_68 .usg_post_title_1{color:var(--color-content-link)!important;font-weight:800!important;font-size:21px!important}.layout_68 .usg_post_date_1{color:var(--color-content-link-hover)!important;font-size:0.7rem!important}<\/style><div class=\"w-grid-list\">\t<article class=\"w-grid-item us_animate_fade size_1x1 post-2125 post type-post status-publish format-standard hentry category-allgemein category-nachrichten category-updates\" data-id=\"2125\">\r\n\t\t<div class=\"w-grid-item-h\">\r\n\t\t\t\t\t\t\t<a href=\"https:\/\/www.edrewe.de\/home\/news\/systemerweiterungen-mit-dem-update-am-15-04-2026-version-2-56\/\" class=\"w-grid-item-anchor\" aria-label=\"Systemerweiterungen mit dem Update am 15.04.2026 \u2013 Version 2.57\"><\/a>\r\n\t\t\t\t\t\t<div class=\"w-vwrapper usg_vwrapper_1 align_none valign_top\"><div class=\"w-post-elm post_title usg_post_title_1 has_text_color entry-title color_link_inherit\">Systemerweiterungen mit dem Update am 15.04.2026 \u2013 Version 2.57<\/div><time class=\"w-post-elm post_date usg_post_date_1 has_text_color entry-date published\" datetime=\"2026-04-15T15:31:16+02:00\">15. April 2026<\/time><div class=\"w-post-elm post_content usg_post_content_1\"><p>Mit diesem Update stehen Ihnen folgende Erweiterungen zur Verf\u00fcgung<\/p>\n<\/div><\/div>\t\t<\/div>\r\n\t\t\t<\/article>\r\n\t<article class=\"w-grid-item us_animate_fade size_1x1 post-2090 post type-post status-publish format-standard hentry category-allgemein category-nachrichten category-updates\" data-id=\"2090\">\r\n\t\t<div class=\"w-grid-item-h\">\r\n\t\t\t\t\t\t\t<a href=\"https:\/\/www.edrewe.de\/home\/news\/systemerweiterungen-mit-dem-update-am-25-03-2026-version-2-56\/\" class=\"w-grid-item-anchor\" aria-label=\"Systemerweiterungen mit dem Update am 25.03.2026 \u2013 Version 2.56\"><\/a>\r\n\t\t\t\t\t\t<div class=\"w-vwrapper usg_vwrapper_1 align_none valign_top\"><div class=\"w-post-elm post_title usg_post_title_1 has_text_color entry-title color_link_inherit\">Systemerweiterungen mit dem Update am 25.03.2026 \u2013 Version 2.56<\/div><time class=\"w-post-elm post_date usg_post_date_1 has_text_color entry-date published\" datetime=\"2026-03-25T08:27:51+01:00\">25. M\u00e4rz 2026<\/time><div class=\"w-post-elm post_content usg_post_content_1\"><p>Mit diesem Update stehen Ihnen folgende Erweiterungen zur Verf\u00fcgung<\/p>\n<\/div><\/div>\t\t<\/div>\r\n\t\t\t<\/article>\r\n\t<article class=\"w-grid-item us_animate_fade size_1x1 post-2077 post type-post status-publish format-standard hentry category-allgemein category-nachrichten category-updates\" data-id=\"2077\">\r\n\t\t<div class=\"w-grid-item-h\">\r\n\t\t\t\t\t\t\t<a href=\"https:\/\/www.edrewe.de\/home\/news\/systemerweiterungen-mit-dem-update-am-18-02-2026-version-2-55\/\" class=\"w-grid-item-anchor\" aria-label=\"Systemerweiterungen mit dem Update am 18.02.2026 \u2013 Version 2.55\"><\/a>\r\n\t\t\t\t\t\t<div class=\"w-vwrapper usg_vwrapper_1 align_none valign_top\"><div class=\"w-post-elm post_title usg_post_title_1 has_text_color entry-title color_link_inherit\">Systemerweiterungen mit dem Update am 18.02.2026 \u2013 Version 2.55<\/div><time class=\"w-post-elm post_date usg_post_date_1 has_text_color entry-date published\" datetime=\"2026-02-18T09:54:28+01:00\">18. Februar 2026<\/time><div class=\"w-post-elm post_content usg_post_content_1\"><p>Mit diesem Update stehen Ihnen folgende Erweiterungen zur Verf\u00fcgung<\/p>\n<\/div><\/div>\t\t<\/div>\r\n\t\t\t<\/article>\r\n\t<article class=\"w-grid-item us_animate_fade size_1x1 post-2030 post type-post status-publish format-standard hentry category-allgemein category-nachrichten category-updates\" data-id=\"2030\">\r\n\t\t<div class=\"w-grid-item-h\">\r\n\t\t\t\t\t\t\t<a href=\"https:\/\/www.edrewe.de\/home\/news\/systemerweiterungen-mit-dem-update-am-21-01-2026-version-2-54\/\" class=\"w-grid-item-anchor\" aria-label=\"Systemerweiterungen mit dem Update am 21.01.2026 \u2013 Version 2.54\"><\/a>\r\n\t\t\t\t\t\t<div class=\"w-vwrapper usg_vwrapper_1 align_none valign_top\"><div class=\"w-post-elm post_title usg_post_title_1 has_text_color entry-title color_link_inherit\">Systemerweiterungen mit dem Update am 21.01.2026 \u2013 Version 2.54<\/div><time class=\"w-post-elm post_date usg_post_date_1 has_text_color entry-date published\" datetime=\"2026-01-21T09:10:38+01:00\">21. Januar 2026<\/time><div class=\"w-post-elm post_content usg_post_content_1\"><p>Mit diesem Update stehen Ihnen folgende Erweiterungen zur Verf\u00fcgung<\/p>\n<\/div><\/div>\t\t<\/div>\r\n\t\t\t<\/article>\r\n\t<article class=\"w-grid-item us_animate_fade size_1x1 post-1938 post type-post status-publish format-standard hentry category-allgemein category-nachrichten category-updates\" data-id=\"1938\">\r\n\t\t<div class=\"w-grid-item-h\">\r\n\t\t\t\t\t\t\t<a href=\"https:\/\/www.edrewe.de\/home\/news\/edkompakt-zu-edrewe-am-13-01-2026\/\" class=\"w-grid-item-anchor\" aria-label=\"Web-Seminar edkompakt zu edrewe vom 13.01.2026\"><\/a>\r\n\t\t\t\t\t\t<div class=\"w-vwrapper usg_vwrapper_1 align_none valign_top\"><div class=\"w-post-elm post_title usg_post_title_1 has_text_color entry-title color_link_inherit\">Web-Seminar edkompakt zu edrewe vom 13.01.2026<\/div><time class=\"w-post-elm post_date usg_post_date_1 has_text_color entry-date published\" datetime=\"2026-01-07T09:45:49+01:00\">7. Januar 2026<\/time><div class=\"w-post-elm post_content usg_post_content_1\"><p>Aufzeichnung des Web-Seminars<\/p>\n<\/div><\/div>\t\t<\/div>\r\n\t\t\t<\/article>\r\n\t<article class=\"w-grid-item us_animate_fade size_1x1 post-1928 post type-post status-publish format-standard hentry category-allgemein category-nachrichten category-updates\" data-id=\"1928\">\r\n\t\t<div class=\"w-grid-item-h\">\r\n\t\t\t\t\t\t\t<a href=\"https:\/\/www.edrewe.de\/home\/news\/wartungsarbeiten-beim-bundesanzeiger-verlag\/\" class=\"w-grid-item-anchor\" aria-label=\"Wartungsarbeiten beim Bundesanzeiger Verlag\"><\/a>\r\n\t\t\t\t\t\t<div class=\"w-vwrapper usg_vwrapper_1 align_none valign_top\"><div class=\"w-post-elm post_title usg_post_title_1 has_text_color entry-title color_link_inherit\">Wartungsarbeiten beim Bundesanzeiger Verlag<\/div><time class=\"w-post-elm post_date usg_post_date_1 has_text_color entry-date published\" datetime=\"2025-12-18T14:41:19+01:00\">18. Dezember 2025<\/time><div class=\"w-post-elm post_content usg_post_content_1\"><p> Vom 1. Januar bis 2. Januar 2026<\/p>\n<\/div><\/div>\t\t<\/div>\r\n\t\t\t<\/article>\r\n\t<article class=\"w-grid-item us_animate_fade size_1x1 post-1919 post type-post status-publish format-standard hentry category-allgemein category-nachrichten category-updates\" data-id=\"1919\">\r\n\t\t<div class=\"w-grid-item-h\">\r\n\t\t\t\t\t\t\t<a href=\"https:\/\/www.edrewe.de\/home\/news\/systemerweiterungen-mit-dem-update-am-16-12-2025-version-2-53\/\" class=\"w-grid-item-anchor\" aria-label=\"Systemerweiterungen mit dem Update am 16.12.2025 \u2013 Version 2.53\"><\/a>\r\n\t\t\t\t\t\t<div class=\"w-vwrapper usg_vwrapper_1 align_none valign_top\"><div class=\"w-post-elm post_title usg_post_title_1 has_text_color entry-title color_link_inherit\">Systemerweiterungen mit dem Update am 16.12.2025 \u2013 Version 2.53<\/div><time class=\"w-post-elm post_date usg_post_date_1 has_text_color entry-date published\" datetime=\"2025-12-16T09:35:48+01:00\">16. Dezember 2025<\/time><div class=\"w-post-elm post_content usg_post_content_1\"><p>Mit diesem Update stehen Ihnen folgende Erweiterungen zur Verf\u00fcgung<\/p>\n<\/div><\/div>\t\t<\/div>\r\n\t\t\t<\/article>\r\n\t<article class=\"w-grid-item us_animate_fade size_1x1 post-1874 post type-post status-publish format-standard hentry category-allgemein category-nachrichten category-updates\" data-id=\"1874\">\r\n\t\t<div class=\"w-grid-item-h\">\r\n\t\t\t\t\t\t\t<a href=\"https:\/\/www.edrewe.de\/home\/news\/systemerweiterungen-mit-dem-update-am-12-11-2025-version-2-52\/\" class=\"w-grid-item-anchor\" aria-label=\"Systemerweiterungen mit dem Update am 12.11.2025 \u2013 Version 2.52\"><\/a>\r\n\t\t\t\t\t\t<div class=\"w-vwrapper usg_vwrapper_1 align_none valign_top\"><div class=\"w-post-elm post_title usg_post_title_1 has_text_color entry-title color_link_inherit\">Systemerweiterungen mit dem Update am 12.11.2025 \u2013 Version 2.52<\/div><time class=\"w-post-elm post_date usg_post_date_1 has_text_color entry-date published\" datetime=\"2025-11-12T09:32:35+01:00\">12. November 2025<\/time><div class=\"w-post-elm post_content usg_post_content_1\"><p>Mit diesem Update stehen Ihnen folgende Erweiterungen zur Verf\u00fcgung<\/p>\n<\/div><\/div>\t\t<\/div>\r\n\t\t\t<\/article>\r\n\t<article class=\"w-grid-item us_animate_fade size_1x1 post-1862 post type-post status-publish format-standard hentry category-allgemein category-nachrichten category-updates\" data-id=\"1862\">\r\n\t\t<div class=\"w-grid-item-h\">\r\n\t\t\t\t\t\t\t<a href=\"https:\/\/www.edrewe.de\/home\/news\/edkompakt-zu-edrewe-am-18-11-2025\/\" class=\"w-grid-item-anchor\" aria-label=\"Web-Seminar edkompakt zu edrewe vom 18.11.2025\"><\/a>\r\n\t\t\t\t\t\t<div class=\"w-vwrapper usg_vwrapper_1 align_none valign_top\"><div class=\"w-post-elm post_title usg_post_title_1 has_text_color entry-title color_link_inherit\">Web-Seminar edkompakt zu edrewe vom 18.11.2025<\/div><time class=\"w-post-elm post_date usg_post_date_1 has_text_color entry-date published\" datetime=\"2025-11-10T12:31:58+01:00\">10. November 2025<\/time><div class=\"w-post-elm post_content usg_post_content_1\"><p>Aufzeichnung des Web-Seminars<\/p>\n<\/div><\/div>\t\t<\/div>\r\n\t\t\t<\/article>\r\n\t<article class=\"w-grid-item us_animate_fade size_1x1 post-1848 post type-post status-publish format-standard hentry category-allgemein category-nachrichten category-updates\" data-id=\"1848\">\r\n\t\t<div class=\"w-grid-item-h\">\r\n\t\t\t\t\t\t\t<a href=\"https:\/\/www.edrewe.de\/home\/news\/nach-umstellung-der-banken-auf-doppelte-bankumsaetze-pruefen\/\" class=\"w-grid-item-anchor\" aria-label=\"Nach Umstellung der Banken auf doppelte Bankums\u00e4tze pr\u00fcfen\"><\/a>\r\n\t\t\t\t\t\t<div class=\"w-vwrapper usg_vwrapper_1 align_none valign_top\"><div class=\"w-post-elm post_title usg_post_title_1 has_text_color entry-title color_link_inherit\">Nach Umstellung der Banken auf doppelte Bankums\u00e4tze pr\u00fcfen<\/div><time class=\"w-post-elm post_date usg_post_date_1 has_text_color entry-date published\" datetime=\"2025-11-06T09:01:11+01:00\">6. November 2025<\/time><div class=\"w-post-elm post_content usg_post_content_1\"><p>Umstellung des Kontoauszugsformats auf CAMT<\/p>\n<\/div><\/div>\t\t<\/div>\r\n\t\t\t<\/article>\r\n<\/div>\t<div class=\"w-grid-preloader\">\r\n\t\t<div class=\"g-preloader type_1\">\r\n\t\t\t<div><\/div>\r\n\t\t<\/div>\r\n\t<\/div>\r\n\t\t\t\t<nav class=\"pagination navigation\" role=\"navigation\">\r\n\t\t\t\t<div class=\"nav-links\">\r\n\t\t\t\t\t<span aria-current=\"page\" class=\"page-numbers current\"><span>1<\/span><\/span>\n<a class=\"page-numbers\" href=\"https:\/\/www.edrewe.de\/home\/wp-json\/wp\/v2\/pages\/10\/page\/2\/\"><span>2<\/span><\/a>\n<a class=\"page-numbers\" href=\"https:\/\/www.edrewe.de\/home\/wp-json\/wp\/v2\/pages\/10\/page\/3\/\"><span>3<\/span><\/a>\n<a class=\"page-numbers\" href=\"https:\/\/www.edrewe.de\/home\/wp-json\/wp\/v2\/pages\/10\/page\/4\/\"><span>4<\/span><\/a>\n<span class=\"page-numbers dots\">&hellip;<\/span>\n<a class=\"page-numbers\" href=\"https:\/\/www.edrewe.de\/home\/wp-json\/wp\/v2\/pages\/10\/page\/9\/\"><span>9<\/span><\/a>\n<a class=\"next page-numbers\" href=\"https:\/\/www.edrewe.de\/home\/wp-json\/wp\/v2\/pages\/10\/page\/2\/\"><span>Weiter<\/span><\/a>\t\t\t\t<\/div>\r\n\t\t\t<\/nav>\r\n\t\t\t\t<div class=\"w-grid-json hidden\" onclick='return {&quot;action&quot;:&quot;us_ajax_grid&quot;,&quot;infinite_scroll&quot;:0,&quot;max_num_pages&quot;:9,&quot;pagination&quot;:&quot;regular&quot;,&quot;template_vars&quot;:{&quot;columns&quot;:&quot;1&quot;,&quot;exclude_items&quot;:&quot;none&quot;,&quot;img_size&quot;:&quot;default&quot;,&quot;ignore_items_size&quot;:0,&quot;items_layout&quot;:&quot;68&quot;,&quot;items_offset&quot;:&quot;1&quot;,&quot;load_animation&quot;:&quot;fade&quot;,&quot;overriding_link&quot;:&quot;%7B%22type%22%3A%22post%22%7D&quot;,&quot;post_id&quot;:0,&quot;query_args&quot;:{&quot;post_type&quot;:[&quot;post&quot;],&quot;post_status&quot;:[&quot;publish&quot;],&quot;posts_per_page&quot;:&quot;10&quot;},&quot;orderby_query_args&quot;:{&quot;orderby&quot;:{&quot;date&quot;:&quot;DESC&quot;}},&quot;type&quot;:&quot;grid&quot;,&quot;us_grid_post_type&quot;:&quot;post&quot;,&quot;us_grid_ajax_index&quot;:2,&quot;us_grid_filter_query_string&quot;:null,&quot;us_grid_index&quot;:2,&quot;page_args&quot;:[]}}'><\/div>\r\n\t<\/div><\/div><\/div><\/div><\/div><\/div><\/section>\n","protected":false},"excerpt":{"rendered":"Die von der Deutschen Kreditwirtschaft beschlossene Umstellung des Kontoauszugsformats auf das moderne CAMT-Format ist nun erfolgt. Die eurodata hat rechtzeitig alle erforderlichen technischen Ma\u00dfnahmen ergriffen, damit der Umstieg reibungslos verl\u00e4uft und Sie in der Finanzbuchhaltung nahtlos weiterarbeiten k\u00f6nnen. Eine \u00c4nderung Ihrer gewohnten Abl\u00e4ufe ist in diesem Zusammenhang nicht erforderlich, der Abruf der Bankums\u00e4tze in edrewe...","protected":false},"author":4,"featured_media":0,"parent":0,"menu_order":0,"comment_status":"closed","ping_status":"closed","template":"","meta":{"footnotes":""},"class_list":["post-10","page","type-page","status-publish","hentry"],"_links":{"self":[{"href":"https:\/\/www.edrewe.de\/home\/wp-json\/wp\/v2\/pages\/10","targetHints":{"allow":["GET"]}}],"collection":[{"href":"https:\/\/www.edrewe.de\/home\/wp-json\/wp\/v2\/pages"}],"about":[{"href":"https:\/\/www.edrewe.de\/home\/wp-json\/wp\/v2\/types\/page"}],"author":[{"embeddable":true,"href":"https:\/\/www.edrewe.de\/home\/wp-json\/wp\/v2\/users\/4"}],"replies":[{"embeddable":true,"href":"https:\/\/www.edrewe.de\/home\/wp-json\/wp\/v2\/comments?post=10"}],"version-history":[{"count":0,"href":"https:\/\/www.edrewe.de\/home\/wp-json\/wp\/v2\/pages\/10\/revisions"}],"wp:attachment":[{"href":"https:\/\/www.edrewe.de\/home\/wp-json\/wp\/v2\/media?parent=10"}],"curies":[{"name":"wp","href":"https:\/\/api.w.org\/{rel}","templated":true}]}}